{"id":7365,"date":"2024-10-14T10:35:00","date_gmt":"2024-10-14T10:35:00","guid":{"rendered":"https:\/\/wampmevres.cfolks.pl\/lipany\/?page_id=7365"},"modified":"2025-10-24T08:15:07","modified_gmt":"2025-10-24T08:15:07","slug":"skladki-na-rade-rodzicow","status":"publish","type":"page","link":"https:\/\/zs-lipiany.pl\/?page_id=7365","title":{"rendered":"Sk\u0142adki na Rad\u0119 Rodzic\u00f3w"},"content":{"rendered":"\t\t<div data-elementor-type=\"wp-page\" data-elementor-id=\"7365\" class=\"elementor elementor-7365\" data-elementor-post-type=\"page\">\n\t\t\t\t\t\t<section class=\"elementor-section elementor-top-section elementor-element elementor-element-305d7f91 elementor-section-boxed elementor-section-height-default elementor-section-height-default\" data-id=\"305d7f91\" data-element_type=\"section\">\n\t\t\t\t\t\t<div class=\"elementor-container elementor-column-gap-default\">\n\t\t\t\t\t<div class=\"elementor-column elementor-col-100 elementor-top-column elementor-element elementor-element-1871a1e1\" data-id=\"1871a1e1\" data-element_type=\"column\">\n\t\t\t<div class=\"elementor-widget-wrap elementor-element-populated\">\n\t\t\t\t\t\t<div class=\"elementor-element elementor-element-4b0df113 elementor-widget elementor-widget-text-editor\" data-id=\"4b0df113\" data-element_type=\"widget\" data-widget_type=\"text-editor.default\">\n\t\t\t\t<div class=\"elementor-widget-container\">\n\t\t\t\t\t\t\t\t\t<p style=\"text-align: center;\"><span style=\"font-size: 18pt;\"><b>SK\u0141ADKI NA RAD\u0118 RODZIC\u00d3W<\/b><\/span><\/p><p style=\"text-align: center;\"><span style=\"font-size: 14pt;\">Rada Rodzic\u00f3w Zespo\u0142u Szk\u00f3\u0142 w Lipianach na posiedzeniu dnia 24.09.2025 r. ustali\u0142a wysoko\u015b\u0107 sk\u0142adki na rok szkolny 2025\/2026.<\/span><\/p><p style=\"text-align: center;\"><span style=\"font-size: 14pt;\">Bez wzgl\u0119du na typ szko\u0142y, w kt\u00f3rej uczy si\u0119 dziecko, podstawowa sk\u0142adka wynosi 45 z\u0142.<\/span><\/p><p style=\"text-align: center;\"><span style=\"font-size: 14pt;\">Je\u015bli w Zespole Szk\u00f3\u0142 uczy si\u0119 wi\u0119cej ni\u017c jedno dziecko z rodziny,<\/span><\/p><p style=\"text-align: center;\"><span style=\"font-size: 14pt;\">sk\u0142adka jest obni\u017cona wed\u0142ug nast\u0119puj\u0105cego wzoru:<\/span><\/p><p style=\"text-align: center;\"><span style=\"font-size: 14pt;\"><b>45 z\u0142 \u2013 jedno dziecko<\/b><\/span><\/p><p style=\"text-align: center;\"><span style=\"font-size: 14pt;\"><b>40 z\u0142 \u2013 przy dw\u00f3jce dzieci<\/b><\/span><\/p><p style=\"text-align: center;\"><span style=\"font-size: 14pt;\"><b>35 z\u0142 \u2013 przy tr\u00f3jce dzieci i wi\u0119cej<\/b><\/span><\/p><p style=\"text-align: center;\"><span style=\"font-size: 14pt;\"><b>Nr konta bankowego:\u00a0<\/b>51 9393 1010 2600 0316 2000<\/span> <span style=\"font-size: 14pt;\">0010<\/span><\/p>\t\t\t\t\t\t\t\t<\/div>\n\t\t\t\t<\/div>\n\t\t\t\t\t<\/div>\n\t\t<\/div>\n\t\t\t\t\t<\/div>\n\t\t<\/section>\n\t\t\t\t<section class=\"elementor-section elementor-top-section elementor-element elementor-element-893d62f elementor-section-boxed elementor-section-height-default elementor-section-height-default\" data-id=\"893d62f\" data-element_type=\"section\">\n\t\t\t\t\t\t<div class=\"elementor-container elementor-column-gap-default\">\n\t\t\t\t\t<div class=\"elementor-column elementor-col-100 elementor-top-column elementor-element elementor-element-eebe185\" data-id=\"eebe185\" data-element_type=\"column\">\n\t\t\t<div class=\"elementor-widget-wrap elementor-element-populated\">\n\t\t\t\t\t\t<div class=\"elementor-element elementor-element-0f84696 elementor-widget elementor-widget-html\" data-id=\"0f84696\" data-element_type=\"widget\" data-widget_type=\"html.default\">\n\t\t\t\t<div class=\"elementor-widget-container\">\n\t\t\t\t\t<style>\r\n    @media (max-width: 768px) {\r\n    .swm-container {\r\n        padding: 0.1% 5% 0.1% 5% !important;\r\n    }\r\n    .swm-std-logo {\r\n        width: 300px;\r\n    }\r\n}\r\n\r\n@media only screen and (max-width: 768px) {\r\n        .swm-sidepanel-trigger {\r\n        display: block !important;\r\n        visibility: visible !important;\r\n    }\r\n    .swm-sidepanel {\r\n        display: none; \/* Panel ukryty domy\u015blnie *\/\r\n        position: fixed;\r\n        z-index: auto;\r\n        max-width: 330px !important; \/* Zmniejszenie szeroko\u015bci dla mniejszych ekran\u00f3w *\/\r\n    }\r\n    .swm-sidePanelOn .swm-sidepanel {\r\n        display: block;\r\n    }\r\n    .fas .fa-times .swm-sidepanel{\r\n        display: none;\r\n    }\r\n    \r\n    \r\n    \/* Stylizacja prawego menu - .swm-sidepanel-wrap *\/\r\n    .swm-sidepanel-wrap {\r\n        width: 300px; \/* Ustaw szeroko\u015b\u0107 menu *\/\r\n        font-family: 'Roboto', sans-serif; \/* Zmiana czcionki *\/\r\n        font-size: 16px; \/* Rozmiar czcionki *\/\r\n        line-height: 1.6; \/* Interlinia *\/\r\n        padding: 20px; \/* Wewn\u0119trzny odst\u0119p *\/\r\n        background-color: #f4f4f4; \/* Kolor t\u0142a menu *\/\r\n        border-left: 2px solid #ccc; \/* Dodanie obramowania z lewej strony*\/\r\n    }\r\n\r\n    \/* Zmiana stylu link\u00f3w w menu *\/\r\n    .swm-sidepanel-wrap a {\r\n        color: #333; \/* Kolor tekstu link\u00f3w *\/\r\n        text-decoration: none; \/* Usu\u0144 podkre\u015blenie *\/\r\n        font-size: 18px; \/* Zwi\u0119kszenie rozmiaru czcionki link\u00f3w *\/\r\n    }\r\n\r\n    .swm-sidepanel-wrap a:hover {\r\n        color: #007aff; \/* Kolor tekstu linku przy najechaniu *\/\r\n    }\r\n}\r\n\r\n@media (max-width: 768px){\r\n    .elementor-posts .elementor-post{\r\n        display: block;\r\n    }\r\n}\r\n\r\n\r\n<\/style>\t\t\t\t<\/div>\n\t\t\t\t<\/div>\n\t\t\t\t\t<\/div>\n\t\t<\/div>\n\t\t\t\t\t<\/div>\n\t\t<\/section>\n\t\t\t\t<\/div>\n\t\t","protected":false},"excerpt":{"rendered":"<p>SK\u0141ADKI NA RAD\u0118 RODZIC\u00d3W Rada Rodzic\u00f3w Zespo\u0142u Szk\u00f3\u0142 w Lipianach na posiedzeniu dnia 24.09.2025 r. ustali\u0142a wysoko\u015b\u0107 sk\u0142adki na rok szkolny 2025\/2026. Bez wzgl\u0119du na typ szko\u0142y, w kt\u00f3rej uczy si\u0119 dziecko, podstawowa sk\u0142adka wynosi 45 z\u0142. Je\u015bli w Zespole Szk\u00f3\u0142 uczy si\u0119 wi\u0119cej ni\u017c jedno dziecko z rodziny, sk\u0142adka [&hellip;]<\/p>\n","protected":false},"author":1,"featured_media":0,"parent":0,"menu_order":0,"comment_status":"closed","ping_status":"closed","template":"","meta":{"ngg_post_thumbnail":0,"footnotes":""},"class_list":["post-7365","page","type-page","status-publish","hentry"],"_links":{"self":[{"href":"https:\/\/zs-lipiany.pl\/index.php?rest_route=\/wp\/v2\/pages\/7365","targetHints":{"allow":["GET"]}}],"collection":[{"href":"https:\/\/zs-lipiany.pl\/index.php?rest_route=\/wp\/v2\/pages"}],"about":[{"href":"https:\/\/zs-lipiany.pl\/index.php?rest_route=\/wp\/v2\/types\/page"}],"author":[{"embeddable":true,"href":"https:\/\/zs-lipiany.pl\/index.php?rest_route=\/wp\/v2\/users\/1"}],"replies":[{"embeddable":true,"href":"https:\/\/zs-lipiany.pl\/index.php?rest_route=%2Fwp%2Fv2%2Fcomments&post=7365"}],"version-history":[{"count":12,"href":"https:\/\/zs-lipiany.pl\/index.php?rest_route=\/wp\/v2\/pages\/7365\/revisions"}],"predecessor-version":[{"id":14794,"href":"https:\/\/zs-lipiany.pl\/index.php?rest_route=\/wp\/v2\/pages\/7365\/revisions\/14794"}],"wp:attachment":[{"href":"https:\/\/zs-lipiany.pl\/index.php?rest_route=%2Fwp%2Fv2%2Fmedia&parent=7365"}],"curies":[{"name":"wp","href":"https:\/\/api.w.org\/{rel}","templated":true}]}}