{"id":7358,"date":"2024-10-14T10:24:16","date_gmt":"2024-10-14T10:24:16","guid":{"rendered":"https:\/\/wampmevres.cfolks.pl\/lipany\/?page_id=7358"},"modified":"2025-12-19T09:20:50","modified_gmt":"2025-12-19T09:20:50","slug":"rada-rodzicow","status":"publish","type":"page","link":"https:\/\/zs-lipiany.pl\/?page_id=7358","title":{"rendered":"Rada Rodzic\u00f3w"},"content":{"rendered":"\t\t<div data-elementor-type=\"wp-page\" data-elementor-id=\"7358\" class=\"elementor elementor-7358\" data-elementor-post-type=\"page\">\n\t\t\t\t\t\t<section class=\"elementor-section elementor-top-section elementor-element elementor-element-24aaf40c elementor-section-boxed elementor-section-height-default elementor-section-height-default\" data-id=\"24aaf40c\" data-element_type=\"section\">\n\t\t\t\t\t\t<div class=\"elementor-container elementor-column-gap-default\">\n\t\t\t\t\t<div class=\"elementor-column elementor-col-100 elementor-top-column elementor-element elementor-element-b44cd93\" data-id=\"b44cd93\" data-element_type=\"column\">\n\t\t\t<div class=\"elementor-widget-wrap elementor-element-populated\">\n\t\t\t\t\t\t\t<\/div>\n\t\t<\/div>\n\t\t\t\t\t<\/div>\n\t\t<\/section>\n\t\t\t\t<section class=\"elementor-section elementor-top-section elementor-element elementor-element-94c6481 elementor-section-boxed elementor-section-height-default elementor-section-height-default\" data-id=\"94c6481\" data-element_type=\"section\">\n\t\t\t\t\t\t<div class=\"elementor-container elementor-column-gap-default\">\n\t\t\t\t\t<div class=\"elementor-column elementor-col-50 elementor-top-column elementor-element elementor-element-7eb57ee\" data-id=\"7eb57ee\" data-element_type=\"column\">\n\t\t\t<div class=\"elementor-widget-wrap elementor-element-populated\">\n\t\t\t\t\t\t<div class=\"elementor-element elementor-element-c9fdb48 elementor-widget elementor-widget-image\" data-id=\"c9fdb48\" data-element_type=\"widget\" data-widget_type=\"image.default\">\n\t\t\t\t<div class=\"elementor-widget-container\">\n\t\t\t\t\t\t\t\t\t\t\t\t\t\t\t<img fetchpriority=\"high\" decoding=\"async\" width=\"1024\" height=\"797\" src=\"https:\/\/zs-lipiany.pl\/wp-content\/uploads\/2025\/09\/IMG_7089-1024x797.jpg\" class=\"attachment-large size-large wp-image-14446\" alt=\"IMG 7089\" srcset=\"https:\/\/zs-lipiany.pl\/wp-content\/uploads\/2025\/09\/IMG_7089-1024x797.jpg 1024w, https:\/\/zs-lipiany.pl\/wp-content\/uploads\/2025\/09\/IMG_7089-300x233.jpg 300w, https:\/\/zs-lipiany.pl\/wp-content\/uploads\/2025\/09\/IMG_7089-768x598.jpg 768w, https:\/\/zs-lipiany.pl\/wp-content\/uploads\/2025\/09\/IMG_7089-1536x1195.jpg 1536w, https:\/\/zs-lipiany.pl\/wp-content\/uploads\/2025\/09\/IMG_7089-2048x1594.jpg 2048w\" sizes=\"(max-width: 1024px) 100vw, 1024px\" \/>\t\t\t\t\t\t\t\t\t\t\t\t\t\t\t<\/div>\n\t\t\t\t<\/div>\n\t\t\t\t\t<\/div>\n\t\t<\/div>\n\t\t\t\t<div class=\"elementor-column elementor-col-50 elementor-top-column elementor-element elementor-element-e8abb6a\" data-id=\"e8abb6a\" data-element_type=\"column\">\n\t\t\t<div class=\"elementor-widget-wrap elementor-element-populated\">\n\t\t\t\t\t\t<div class=\"elementor-element elementor-element-2985767 elementor-widget elementor-widget-text-editor\" data-id=\"2985767\" data-element_type=\"widget\" data-widget_type=\"text-editor.default\">\n\t\t\t\t<div class=\"elementor-widget-container\">\n\t\t\t\t\t\t\t\t\t<p align=\"center\"><span style=\"font-family: Times New Roman, serif;\"><span style=\"font-size: medium;\"><b>Rada Rodzic\u00f3w w Zespole Szk\u00f3\u0142 w Lipianach w roku szkolnym 2025\/2026. <\/b><\/span><\/span><\/p><p>\u00a0<\/p><table width=\"414\" cellspacing=\"0\" cellpadding=\"9\"><tbody><tr><td bgcolor=\"#f4b083\" width=\"48\"><p align=\"center\"><span style=\"font-family: Calibri, serif;\"><span style=\"font-size: small;\"><span style=\"font-family: Times New Roman, serif;\"><span style=\"font-size: medium;\"><b>Klasa<\/b><\/span><\/span><\/span><\/span><\/p><\/td><td bgcolor=\"#f4b083\" width=\"328\"><p align=\"center\"><span style=\"font-family: Calibri, serif;\"><span style=\"font-size: small;\"><span style=\"font-family: Times New Roman, serif;\"><span style=\"font-size: medium;\"><b>Imi\u0119 i nazwisko przedstawiciela klasy<\/b><\/span><\/span><\/span><\/span><\/p><\/td><\/tr><tr><td bgcolor=\"#ffd966\" width=\"48\"><p align=\"center\"><span style=\"font-family: Calibri, serif;\"><span style=\"font-size: small;\"><span style=\"font-family: Times New Roman, serif;\"><span style=\"font-size: medium;\"><b>1a<\/b><\/span><\/span><\/span><\/span><\/p><\/td><td bgcolor=\"#9cc2e5\" width=\"328\"><p align=\"left\"><span style=\"font-family: Calibri, serif;\"><span style=\"font-size: small;\"><span style=\"font-family: Times New Roman, serif;\"><span style=\"font-size: medium;\"><b>Justyna Wawrzyniak<\/b><\/span><\/span><\/span><\/span><\/p><\/td><\/tr><tr><td bgcolor=\"#ffd966\" width=\"48\"><p align=\"center\"><span style=\"font-family: Calibri, serif;\"><span style=\"font-size: small;\"><span style=\"font-family: Times New Roman, serif;\"><span style=\"font-size: medium;\"><b>1b<\/b><\/span><\/span><\/span><\/span><\/p><\/td><td bgcolor=\"#9cc2e5\" width=\"328\"><p align=\"left\"><span style=\"font-family: Calibri, serif;\"><span style=\"font-size: small;\"><span style=\"font-family: Times New Roman, serif;\"><span style=\"font-size: medium;\"><b>Natalia Cedro<\/b><\/span><\/span><\/span><\/span><\/p><\/td><\/tr><tr><td bgcolor=\"#ffd966\" width=\"48\"><p align=\"center\"><span style=\"font-family: Calibri, serif;\"><span style=\"font-size: small;\"><span style=\"font-family: Times New Roman, serif;\"><span style=\"font-size: medium;\"><b>2a<\/b><\/span><\/span><\/span><\/span><\/p><\/td><td bgcolor=\"#9cc2e5\" width=\"328\"><p align=\"left\"><span style=\"font-family: Calibri, serif;\"><span style=\"font-size: small;\"><span style=\"font-family: Times New Roman, serif;\"><span style=\"font-size: medium;\"><b>Joanna Szopa<\/b><\/span><\/span><\/span><\/span><\/p><\/td><\/tr><tr><td bgcolor=\"#ffd966\" width=\"48\"><p align=\"center\"><span style=\"font-family: Calibri, serif;\"><span style=\"font-size: small;\"><span style=\"font-family: Times New Roman, serif;\"><span style=\"font-size: medium;\"><b>2b<\/b><\/span><\/span><\/span><\/span><\/p><\/td><td bgcolor=\"#9cc2e5\" width=\"328\"><p align=\"left\"><span style=\"font-family: Calibri, serif;\"><span style=\"font-size: small;\"><span style=\"font-family: Times New Roman, serif;\"><span style=\"font-size: medium;\"><b>Ma\u0142gorzata Kolesi\u0144ska<\/b><\/span><\/span><\/span><\/span><\/p><\/td><\/tr><tr><td bgcolor=\"#ffd966\" width=\"48\"><p align=\"center\"><span style=\"font-family: Calibri, serif;\"><span style=\"font-size: small;\"><span style=\"font-family: Times New Roman, serif;\"><span style=\"font-size: medium;\"><b>3a<\/b><\/span><\/span><\/span><\/span><\/p><\/td><td bgcolor=\"#9cc2e5\" width=\"328\"><p align=\"left\"><span style=\"font-family: Calibri, serif;\"><span style=\"font-size: small;\"><span style=\"font-family: Times New Roman, serif;\"><span style=\"font-size: medium;\"><b>Milena Pytel<\/b><\/span><\/span><\/span><\/span><\/p><\/td><\/tr><tr><td bgcolor=\"#ffd966\" width=\"48\"><p align=\"center\"><span style=\"font-family: Calibri, serif;\"><span style=\"font-size: small;\"><span style=\"font-family: Times New Roman, serif;\"><span style=\"font-size: medium;\"><b>3b<\/b><\/span><\/span><\/span><\/span><\/p><\/td><td bgcolor=\"#9cc2e5\" width=\"328\"><p align=\"left\"><span style=\"font-family: Calibri, serif;\"><span style=\"font-size: small;\"><span style=\"font-family: Times New Roman, serif;\"><span style=\"font-size: medium;\"><b>Katarzyna Sajewska<\/b><\/span><\/span><\/span><\/span><\/p><\/td><\/tr><tr><td bgcolor=\"#ffd966\" width=\"48\"><p align=\"center\"><span style=\"font-family: Calibri, serif;\"><span style=\"font-size: small;\"><span style=\"font-family: Times New Roman, serif;\"><span style=\"font-size: medium;\"><b>4a<\/b><\/span><\/span><\/span><\/span><\/p><\/td><td bgcolor=\"#9cc2e5\" width=\"328\"><p align=\"left\"><span style=\"font-family: Calibri, serif;\"><span style=\"font-size: small;\"><span style=\"font-family: Times New Roman, serif;\"><span style=\"font-size: medium;\"><b>Magdalena Mroczek<\/b><\/span><\/span><\/span><\/span><\/p><\/td><\/tr><tr><td bgcolor=\"#ffd966\" width=\"48\"><p align=\"center\"><span style=\"font-family: Calibri, serif;\"><span style=\"font-size: small;\"><span style=\"font-family: Times New Roman, serif;\"><span style=\"font-size: medium;\"><b>4b<\/b><\/span><\/span><\/span><\/span><\/p><\/td><td bgcolor=\"#9cc2e5\" width=\"328\"><p align=\"left\"><span style=\"font-family: Calibri, serif;\"><span style=\"font-size: small;\"><span style=\"font-family: Times New Roman, serif;\"><span style=\"font-size: medium;\"><b>Paulina Gonerka<\/b><\/span><\/span><\/span><\/span><\/p><\/td><\/tr><tr><td bgcolor=\"#ffd966\" width=\"48\"><p align=\"center\"><span style=\"font-family: Calibri, serif;\"><span style=\"font-size: small;\"><span style=\"font-family: Times New Roman, serif;\"><span style=\"font-size: medium;\"><b>5a<\/b><\/span><\/span><\/span><\/span><\/p><\/td><td bgcolor=\"#9cc2e5\" width=\"328\"><p align=\"left\"><span style=\"font-family: Calibri, serif;\"><span style=\"font-size: small;\"><span style=\"font-family: Times New Roman, serif;\"><span style=\"font-size: medium;\"><b>Katarzyna Czarniewska<\/b><\/span><\/span><\/span><\/span><\/p><\/td><\/tr><tr><td bgcolor=\"#ffd966\" width=\"48\"><p align=\"center\"><span style=\"font-family: Calibri, serif;\"><span style=\"font-size: small;\"><span style=\"font-family: Times New Roman, serif;\"><span style=\"font-size: medium;\"><b>5b<\/b><\/span><\/span><\/span><\/span><\/p><\/td><td bgcolor=\"#9cc2e5\" width=\"328\"><p align=\"left\"><span style=\"font-family: Calibri, serif;\"><span style=\"font-size: small;\"><span style=\"font-family: Times New Roman, serif;\"><span style=\"font-size: medium;\"><b>Barbara Kwiatek<\/b><\/span><\/span><\/span><\/span><\/p><\/td><\/tr><tr><td bgcolor=\"#ffd966\" width=\"48\"><p align=\"center\"><span style=\"font-family: Calibri, serif;\"><span style=\"font-size: small;\"><span style=\"font-family: Times New Roman, serif;\"><span style=\"font-size: medium;\"><b>6a<\/b><\/span><\/span><\/span><\/span><\/p><\/td><td bgcolor=\"#9cc2e5\" width=\"328\"><p align=\"left\"><span style=\"font-family: Calibri, serif;\"><span style=\"font-size: small;\"><span style=\"font-family: Times New Roman, serif;\"><span style=\"font-size: medium;\"><b>Ewelina Chmielowiec<\/b><\/span><\/span><\/span><\/span><\/p><\/td><\/tr><tr><td bgcolor=\"#ffd966\" width=\"48\" height=\"5\"><p align=\"center\"><span style=\"font-family: Calibri, serif;\"><span style=\"font-size: small;\"><span style=\"font-family: Times New Roman, serif;\"><span style=\"font-size: medium;\"><b>6b<\/b><\/span><\/span><\/span><\/span><\/p><\/td><td bgcolor=\"#9cc2e5\" width=\"328\"><p align=\"left\"><span style=\"font-family: Calibri, serif;\"><span style=\"font-size: small;\"><span style=\"font-family: Times New Roman, serif;\"><span style=\"font-size: medium;\"><b>Agata G\u00f3rniewicz<\/b><\/span><\/span><\/span><\/span><\/p><\/td><\/tr><tr><td bgcolor=\"#ffd966\" width=\"48\" height=\"5\"><p align=\"center\"><span style=\"font-family: Calibri, serif;\"><span style=\"font-size: small;\"><span style=\"font-family: Times New Roman, serif;\"><span style=\"font-size: medium;\"><b>6c<\/b><\/span><\/span><\/span><\/span><\/p><\/td><td bgcolor=\"#9cc2e5\" width=\"328\"><p align=\"left\"><span style=\"font-family: Calibri, serif;\"><span style=\"font-size: small;\"><span style=\"font-family: Times New Roman, serif;\"><span style=\"font-size: medium;\"><b>Agnieszka Babicka<\/b><\/span><\/span><\/span><\/span><\/p><\/td><\/tr><tr><td bgcolor=\"#ffd966\" width=\"48\"><p align=\"center\"><span style=\"font-family: Calibri, serif;\"><span style=\"font-size: small;\"><span style=\"font-family: Times New Roman, serif;\"><span style=\"font-size: medium;\"><b>7a<\/b><\/span><\/span><\/span><\/span><\/p><\/td><td bgcolor=\"#9cc2e5\" width=\"328\"><p align=\"left\"><span style=\"font-family: Calibri, serif;\"><span style=\"font-size: small;\"><span style=\"font-family: Times New Roman, serif;\"><span style=\"font-size: medium;\"><b>Ma\u0142gorzata Janerka<\/b><\/span><\/span><\/span><\/span><\/p><\/td><\/tr><tr><td bgcolor=\"#ffd966\" width=\"48\"><p align=\"center\"><span style=\"font-family: Calibri, serif;\"><span style=\"font-size: small;\"><span style=\"font-family: Times New Roman, serif;\"><span style=\"font-size: medium;\"><b>7b<\/b><\/span><\/span><\/span><\/span><\/p><\/td><td bgcolor=\"#9cc2e5\" width=\"328\"><p align=\"left\"><span style=\"font-family: Calibri, serif;\"><span style=\"font-size: small;\"><span style=\"font-family: Times New Roman, serif;\"><span style=\"font-size: medium;\"><b>Agnieszka Kacperska<\/b><\/span><\/span><\/span><\/span><\/p><\/td><\/tr><tr><td bgcolor=\"#ffd966\" width=\"48\"><p align=\"center\"><span style=\"font-family: Calibri, serif;\"><span style=\"font-size: small;\"><span style=\"font-family: Times New Roman, serif;\"><span style=\"font-size: medium;\"><b>8a<\/b><\/span><\/span><\/span><\/span><\/p><\/td><td bgcolor=\"#9cc2e5\" width=\"328\"><p align=\"left\"><span style=\"font-family: Calibri, serif;\"><span style=\"font-size: small;\"><span style=\"font-family: Times New Roman, serif;\"><span style=\"font-size: medium;\"><b>Marcin Miko\u0142ajczyk<\/b><\/span><\/span><\/span><\/span><\/p><\/td><\/tr><tr><td bgcolor=\"#ffd966\" width=\"48\"><p align=\"center\"><span style=\"font-family: Calibri, serif;\"><span style=\"font-size: small;\"><span style=\"font-family: Times New Roman, serif;\"><span style=\"font-size: medium;\"><b>8b<\/b><\/span><\/span><\/span><\/span><\/p><\/td><td bgcolor=\"#9cc2e5\" width=\"328\"><p align=\"left\"><span style=\"font-family: Calibri, serif;\"><span style=\"font-size: small;\"><span style=\"font-family: Times New Roman, serif;\"><span style=\"font-size: medium;\"><b>Anita Wr\u00f3blewska<\/b><\/span><\/span><\/span><\/span><\/p><\/td><\/tr><tr><td bgcolor=\"#ffd966\" width=\"48\"><p align=\"center\"><span style=\"font-family: Calibri, serif;\"><span style=\"font-size: small;\"><span style=\"font-family: Times New Roman, serif;\"><span style=\"font-size: medium;\"><b>8c<\/b><\/span><\/span><\/span><\/span><\/p><\/td><td bgcolor=\"#9cc2e5\" width=\"328\"><p align=\"left\"><span style=\"font-family: Calibri, serif;\"><span style=\"font-size: small;\"><span style=\"font-family: Times New Roman, serif;\"><span style=\"font-size: medium;\"><b>Sylwia \u0141yso\u0144<\/b><\/span><\/span><\/span><\/span><\/p><\/td><\/tr><tr><td bgcolor=\"#ffd966\" width=\"48\"><p align=\"center\"><span style=\"font-family: Calibri, serif;\"><span style=\"font-size: small;\"><span style=\"font-family: Times New Roman, serif;\"><span style=\"font-size: medium;\"><b>1 LO<\/b><\/span><\/span><\/span><\/span><\/p><\/td><td bgcolor=\"#9cc2e5\" width=\"328\"><p align=\"left\"><span style=\"font-family: Calibri, serif;\"><span style=\"font-size: small;\"><span style=\"font-family: Times New Roman, serif;\"><span style=\"font-size: medium;\"><b>Kamila Gruszecka<\/b><\/span><\/span><\/span><\/span><\/p><\/td><\/tr><tr><td bgcolor=\"#ffd966\" width=\"48\"><p align=\"center\"><span style=\"font-family: Calibri, serif;\"><span style=\"font-size: small;\"><span style=\"font-family: Times New Roman, serif;\"><span style=\"font-size: medium;\"><b>3 LO<\/b><\/span><\/span><\/span><\/span><\/p><\/td><td bgcolor=\"#9cc2e5\" width=\"328\"><p align=\"left\"><span style=\"font-family: Calibri, serif;\"><span style=\"font-size: small;\"><span style=\"font-family: Times New Roman, serif;\"><span style=\"font-size: medium;\"><b>Joanna Kowalska<\/b><\/span><\/span><\/span><\/span><\/p><\/td><\/tr><tr><td bgcolor=\"#ffd966\" width=\"48\"><p align=\"center\"><span style=\"font-family: Calibri, serif;\"><span style=\"font-size: small;\"><span style=\"font-family: Times New Roman, serif;\"><span style=\"font-size: medium;\"><b>4LO<\/b><\/span><\/span><\/span><\/span><\/p><\/td><td bgcolor=\"#9cc2e5\" width=\"328\"><p align=\"left\"><span style=\"font-family: Calibri, serif;\"><span style=\"font-size: small;\"><span style=\"font-family: Times New Roman, serif;\"><span style=\"font-size: medium;\"><b>Jolanta Moli\u0144ska-Wicka<\/b><\/span><\/span><\/span><\/span><\/p><\/td><\/tr><\/tbody><\/table><p>\u00a0<\/p><p align=\"center\"><span style=\"font-family: Times New Roman, serif;\"><span style=\"font-size: medium;\"><u><b>Prezydium Rady Rodzic\u00f3w \u2013 rok szkolny 2025\/2026<\/b><\/u><\/span><\/span><\/p><p><span style=\"font-family: Times New Roman, serif;\"><span style=\"font-size: medium;\"><b>Agnieszka Kacperska \u2013 przewodnicz\u0105ca<\/b><\/span><\/span><\/p><p><span style=\"font-family: Times New Roman, serif;\"><span style=\"font-size: medium;\"><b>Ma\u0142gorzata Kolesi\u0144ska \u2013 I wiceprzewodnicz\u0105ca<\/b><\/span><\/span><\/p><p><span style=\"font-family: Times New Roman, serif;\"><span style=\"font-size: medium;\"><b>Kamila Gruszecka \u2013 II wiceprzewodnicz\u0105ca<\/b><\/span><\/span><\/p><p><span style=\"font-family: Times New Roman, serif;\"><span style=\"font-size: medium;\"><b>Justyna Wawrzyniak \u2013 sekretarz<\/b><\/span><\/span><\/p><p><span style=\"font-family: Times New Roman, serif;\"><span style=\"font-size: medium;\"><b>Agnieszka Babicka \u2013 skarbnik<\/b><\/span><\/span><\/p><p align=\"center\"><span style=\"font-family: Times New Roman, serif;\"><span style=\"font-size: medium;\"><u><b>Komisja rewizyjna<\/b><\/u><\/span><\/span><\/p><p><span style=\"font-family: Times New Roman, serif;\"><span style=\"font-size: medium;\"><b>Ewelina Chmielowiec- przewodnicz\u0105ca<\/b><\/span><\/span><\/p><p><span style=\"font-family: Times New Roman, serif;\"><span style=\"font-size: medium;\"><b>Natalia Cedro \u2013 cz\u0142onek<\/b><\/span><\/span><\/p><p><span style=\"font-family: Times New Roman, serif;\"><span style=\"font-size: medium;\"><b>Paulina Gonerka\u2013 cz\u0142onek<\/b><\/span><\/span><\/p><p align=\"center\">\u00a0<\/p><p align=\"center\">\u00a0<\/p>\t\t\t\t\t\t\t\t<\/div>\n\t\t\t\t<\/div>\n\t\t\t\t\t<\/div>\n\t\t<\/div>\n\t\t\t\t\t<\/div>\n\t\t<\/section>\n\t\t\t\t<\/div>\n\t\t","protected":false},"excerpt":{"rendered":"<p>Rada Rodzic\u00f3w w Zespole Szk\u00f3\u0142 w Lipianach w roku szkolnym 2025\/2026. \u00a0 Klasa Imi\u0119 i nazwisko przedstawiciela klasy 1a Justyna Wawrzyniak 1b Natalia Cedro 2a Joanna Szopa 2b Ma\u0142gorzata Kolesi\u0144ska 3a Milena Pytel 3b Katarzyna Sajewska 4a Magdalena Mroczek 4b Paulina Gonerka 5a Katarzyna Czarniewska 5b Barbara Kwiatek 6a Ewelina [&hellip;]<\/p>\n","protected":false},"author":1,"featured_media":0,"parent":0,"menu_order":0,"comment_status":"closed","ping_status":"closed","template":"","meta":{"ngg_post_thumbnail":0,"footnotes":""},"class_list":["post-7358","page","type-page","status-publish","hentry"],"_links":{"self":[{"href":"https:\/\/zs-lipiany.pl\/index.php?rest_route=\/wp\/v2\/pages\/7358","targetHints":{"allow":["GET"]}}],"collection":[{"href":"https:\/\/zs-lipiany.pl\/index.php?rest_route=\/wp\/v2\/pages"}],"about":[{"href":"https:\/\/zs-lipiany.pl\/index.php?rest_route=\/wp\/v2\/types\/page"}],"author":[{"embeddable":true,"href":"https:\/\/zs-lipiany.pl\/index.php?rest_route=\/wp\/v2\/users\/1"}],"replies":[{"embeddable":true,"href":"https:\/\/zs-lipiany.pl\/index.php?rest_route=%2Fwp%2Fv2%2Fcomments&post=7358"}],"version-history":[{"count":12,"href":"https:\/\/zs-lipiany.pl\/index.php?rest_route=\/wp\/v2\/pages\/7358\/revisions"}],"predecessor-version":[{"id":15621,"href":"https:\/\/zs-lipiany.pl\/index.php?rest_route=\/wp\/v2\/pages\/7358\/revisions\/15621"}],"wp:attachment":[{"href":"https:\/\/zs-lipiany.pl\/index.php?rest_route=%2Fwp%2Fv2%2Fmedia&parent=7358"}],"curies":[{"name":"wp","href":"https:\/\/api.w.org\/{rel}","templated":true}]}}