{"id":5300,"date":"2024-09-15T11:09:43","date_gmt":"2024-09-15T11:09:43","guid":{"rendered":"https:\/\/wampmevres.cfolks.pl\/lipany\/?page_id=5300"},"modified":"2024-10-11T10:40:06","modified_gmt":"2024-10-11T10:40:06","slug":"aktywna-tablica","status":"publish","type":"page","link":"https:\/\/zs-lipiany.pl\/?page_id=5300","title":{"rendered":"Aktywna tablica"},"content":{"rendered":"\t\t<div data-elementor-type=\"wp-page\" data-elementor-id=\"5300\" class=\"elementor elementor-5300\" data-elementor-post-type=\"page\">\n\t\t\t\t\t\t<section class=\"elementor-section elementor-top-section elementor-element elementor-element-8f2f5d1 elementor-section-boxed elementor-section-height-default elementor-section-height-default\" data-id=\"8f2f5d1\" data-element_type=\"section\">\n\t\t\t\t\t\t<div class=\"elementor-container elementor-column-gap-default\">\n\t\t\t\t\t<div class=\"elementor-column elementor-col-100 elementor-top-column elementor-element elementor-element-a9705e2\" data-id=\"a9705e2\" data-element_type=\"column\">\n\t\t\t<div class=\"elementor-widget-wrap elementor-element-populated\">\n\t\t\t\t\t\t<div class=\"elementor-element elementor-element-b0ff140 elementor-grid-1 elementor-posts--thumbnail-left elementor-grid-tablet-2 elementor-grid-mobile-1 elementor-widget elementor-widget-posts\" data-id=\"b0ff140\" data-element_type=\"widget\" data-settings=\"{&quot;classic_columns&quot;:&quot;1&quot;,&quot;pagination_type&quot;:&quot;numbers&quot;,&quot;classic_columns_tablet&quot;:&quot;2&quot;,&quot;classic_columns_mobile&quot;:&quot;1&quot;,&quot;classic_row_gap&quot;:{&quot;unit&quot;:&quot;px&quot;,&quot;size&quot;:35,&quot;sizes&quot;:[]},&quot;classic_row_gap_tablet&quot;:{&quot;unit&quot;:&quot;px&quot;,&quot;size&quot;:&quot;&quot;,&quot;sizes&quot;:[]},&quot;classic_row_gap_mobile&quot;:{&quot;unit&quot;:&quot;px&quot;,&quot;size&quot;:&quot;&quot;,&quot;sizes&quot;:[]}}\" data-widget_type=\"posts.classic\">\n\t\t\t\t<div class=\"elementor-widget-container\">\n\t\t\t\t\t\t\t<div class=\"elementor-posts-container elementor-posts elementor-posts--skin-classic elementor-grid\">\n\t\t\t\t<article class=\"elementor-post elementor-grid-item post-4623 post type-post status-publish format-standard hentry category-aktywna-tablica\">\n\t\t\t\t<div class=\"elementor-post__text\">\n\t\t\t\t<h3 class=\"elementor-post__title\">\n\t\t\t<a href=\"https:\/\/zs-lipiany.pl\/?p=4623\" >\n\t\t\t\tAktywna Tablica\t\t\t<\/a>\n\t\t<\/h3>\n\t\t\t\t<div class=\"elementor-post__meta-data\">\n\t\t\t\t\t<span class=\"elementor-post-date\">\n\t\t\t11 pa\u017adziernika, 2024\t\t<\/span>\n\t\t\t\t<\/div>\n\t\t\t\t<div class=\"elementor-post__excerpt\">\n\t\t\t<p>W ramach dofinansowania z programu Aktywna Tablica zakupiono do szko\u0142y dydaktyczno-terapeutyczne programy multimedialne, przeznaczone do pracy z uczniami klas 1-8 wspieraj\u0105ce rozw\u00f3j koncentracji uwagi, wspomagaj\u0105ce usprawnienie i rozw\u00f3j percepcji wzrokowej i s\u0142uchowej, wspomagaj\u0105ce rozw\u00f3j proces\u00f3w komunikacji i kompetencji spo\u0142eczno-emocjonalnych (m.in. autyzm), wspomagaj\u0105ce procesy uczenia si\u0119 (dysleksja). Zakupiony sprz\u0119t pozwoli na<\/p>\n\t\t<\/div>\n\t\t\n\t\t<a class=\"elementor-post__read-more\" href=\"https:\/\/zs-lipiany.pl\/?p=4623\" aria-label=\"Read more about Aktywna Tablica\" tabindex=\"-1\" >\n\t\t\tCzytaj wi\u0119cej \u00bb\t\t<\/a>\n\n\t\t\t\t<\/div>\n\t\t\t\t<\/article>\n\t\t\t\t<article class=\"elementor-post elementor-grid-item post-4625 post type-post status-publish format-standard has-post-thumbnail hentry category-aktywna-tablica\">\n\t\t\t\t<a class=\"elementor-post__thumbnail__link\" href=\"https:\/\/zs-lipiany.pl\/?p=4625\" tabindex=\"-1\" >\n\t\t\t<div class=\"elementor-post__thumbnail\"><img fetchpriority=\"high\" decoding=\"async\" width=\"225\" height=\"225\" src=\"https:\/\/zs-lipiany.pl\/wp-content\/uploads\/2019\/10\/pdf.jpg\" class=\"attachment-large size-large wp-image-2343\" alt=\"pdf\" srcset=\"https:\/\/zs-lipiany.pl\/wp-content\/uploads\/2019\/10\/pdf.jpg 225w, https:\/\/zs-lipiany.pl\/wp-content\/uploads\/2019\/10\/pdf-150x150.jpg 150w, https:\/\/zs-lipiany.pl\/wp-content\/uploads\/2019\/10\/pdf-90x90.jpg 90w\" sizes=\"(max-width: 225px) 100vw, 225px\" \/><\/div>\n\t\t<\/a>\n\t\t\t\t<div class=\"elementor-post__text\">\n\t\t\t\t<h3 class=\"elementor-post__title\">\n\t\t\t<a href=\"https:\/\/zs-lipiany.pl\/?p=4625\" >\n\t\t\t\tTemat: Rozwijanie orientacji przestrzennej. \u0106wiczenia utrwalaj\u0105ce okre\u015blenie stosunk\u00f3w przestrzennych.\t\t\t<\/a>\n\t\t<\/h3>\n\t\t\t\t<div class=\"elementor-post__meta-data\">\n\t\t\t\t\t<span class=\"elementor-post-date\">\n\t\t\t11 pa\u017adziernika, 2024\t\t<\/span>\n\t\t\t\t<\/div>\n\t\t\t\t<div class=\"elementor-post__excerpt\">\n\t\t\t<p>SCENARIUSZ ZAJ\u0118\u0106 REWALIDACYJNYCH Z&nbsp;WYKORZYSTANIEM NARZ\u0118DZI TIK Temat: Rozwijanie orientacji przestrzennej. \u0106wiczenia utrwalaj\u0105ce okre\u015blenie&nbsp;stosunk\u00f3w przestrzennych (.pdf)<\/p>\n\t\t<\/div>\n\t\t\n\t\t<a class=\"elementor-post__read-more\" href=\"https:\/\/zs-lipiany.pl\/?p=4625\" aria-label=\"Read more about Temat: Rozwijanie orientacji przestrzennej. \u0106wiczenia utrwalaj\u0105ce okre\u015blenie stosunk\u00f3w przestrzennych.\" tabindex=\"-1\" >\n\t\t\tCzytaj wi\u0119cej \u00bb\t\t<\/a>\n\n\t\t\t\t<\/div>\n\t\t\t\t<\/article>\n\t\t\t\t<article class=\"elementor-post elementor-grid-item post-4627 post type-post status-publish format-standard has-post-thumbnail hentry category-aktywna-tablica\">\n\t\t\t\t<a class=\"elementor-post__thumbnail__link\" href=\"https:\/\/zs-lipiany.pl\/?p=4627\" tabindex=\"-1\" >\n\t\t\t<div class=\"elementor-post__thumbnail\"><img fetchpriority=\"high\" decoding=\"async\" width=\"225\" height=\"225\" src=\"https:\/\/zs-lipiany.pl\/wp-content\/uploads\/2019\/10\/pdf.jpg\" class=\"attachment-large size-large wp-image-2343\" alt=\"pdf\" srcset=\"https:\/\/zs-lipiany.pl\/wp-content\/uploads\/2019\/10\/pdf.jpg 225w, https:\/\/zs-lipiany.pl\/wp-content\/uploads\/2019\/10\/pdf-150x150.jpg 150w, https:\/\/zs-lipiany.pl\/wp-content\/uploads\/2019\/10\/pdf-90x90.jpg 90w\" sizes=\"(max-width: 225px) 100vw, 225px\" \/><\/div>\n\t\t<\/a>\n\t\t\t\t<div class=\"elementor-post__text\">\n\t\t\t\t<h3 class=\"elementor-post__title\">\n\t\t\t<a href=\"https:\/\/zs-lipiany.pl\/?p=4627\" >\n\t\t\t\tTemat: Emocje maj\u0105 moc.\t\t\t<\/a>\n\t\t<\/h3>\n\t\t\t\t<div class=\"elementor-post__meta-data\">\n\t\t\t\t\t<span class=\"elementor-post-date\">\n\t\t\t11 pa\u017adziernika, 2024\t\t<\/span>\n\t\t\t\t<\/div>\n\t\t\t\t<div class=\"elementor-post__excerpt\">\n\t\t\t<p>SCENARIUSZ ZAJ\u0118\u0106 REWALIDACYJNYCH Z&nbsp;WYKORZYSTANIEM NARZ\u0118DZI TIK Temat: Emocje maj\u0105 moc (.pdf)<\/p>\n\t\t<\/div>\n\t\t\n\t\t<a class=\"elementor-post__read-more\" href=\"https:\/\/zs-lipiany.pl\/?p=4627\" aria-label=\"Read more about Temat: Emocje maj\u0105 moc.\" tabindex=\"-1\" >\n\t\t\tCzytaj wi\u0119cej \u00bb\t\t<\/a>\n\n\t\t\t\t<\/div>\n\t\t\t\t<\/article>\n\t\t\t\t<article class=\"elementor-post elementor-grid-item post-4638 post type-post status-publish format-standard has-post-thumbnail hentry category-aktywna-tablica\">\n\t\t\t\t<a class=\"elementor-post__thumbnail__link\" href=\"https:\/\/zs-lipiany.pl\/?p=4638\" tabindex=\"-1\" >\n\t\t\t<div class=\"elementor-post__thumbnail\"><img fetchpriority=\"high\" decoding=\"async\" width=\"225\" height=\"225\" src=\"https:\/\/zs-lipiany.pl\/wp-content\/uploads\/2019\/10\/pdf.jpg\" class=\"attachment-large size-large wp-image-2343\" alt=\"pdf\" srcset=\"https:\/\/zs-lipiany.pl\/wp-content\/uploads\/2019\/10\/pdf.jpg 225w, https:\/\/zs-lipiany.pl\/wp-content\/uploads\/2019\/10\/pdf-150x150.jpg 150w, https:\/\/zs-lipiany.pl\/wp-content\/uploads\/2019\/10\/pdf-90x90.jpg 90w\" sizes=\"(max-width: 225px) 100vw, 225px\" \/><\/div>\n\t\t<\/a>\n\t\t\t\t<div class=\"elementor-post__text\">\n\t\t\t\t<h3 class=\"elementor-post__title\">\n\t\t\t<a href=\"https:\/\/zs-lipiany.pl\/?p=4638\" >\n\t\t\t\tMOJE MOCNE STRONY\t\t\t<\/a>\n\t\t<\/h3>\n\t\t\t\t<div class=\"elementor-post__meta-data\">\n\t\t\t\t\t<span class=\"elementor-post-date\">\n\t\t\t11 pa\u017adziernika, 2024\t\t<\/span>\n\t\t\t\t<\/div>\n\t\t\t\t<div class=\"elementor-post__excerpt\">\n\t\t\t<p>Scenariusz zaj\u0119\u0107 TUS: MOJE MOCNE STRONY (.pdf)<\/p>\n\t\t<\/div>\n\t\t\n\t\t<a class=\"elementor-post__read-more\" href=\"https:\/\/zs-lipiany.pl\/?p=4638\" aria-label=\"Read more about MOJE MOCNE STRONY\" tabindex=\"-1\" >\n\t\t\tCzytaj wi\u0119cej \u00bb\t\t<\/a>\n\n\t\t\t\t<\/div>\n\t\t\t\t<\/article>\n\t\t\t\t<article class=\"elementor-post elementor-grid-item post-4640 post type-post status-publish format-standard has-post-thumbnail hentry category-aktywna-tablica\">\n\t\t\t\t<a class=\"elementor-post__thumbnail__link\" href=\"https:\/\/zs-lipiany.pl\/?p=4640\" tabindex=\"-1\" >\n\t\t\t<div class=\"elementor-post__thumbnail\"><img fetchpriority=\"high\" decoding=\"async\" width=\"225\" height=\"225\" src=\"https:\/\/zs-lipiany.pl\/wp-content\/uploads\/2019\/10\/pdf.jpg\" class=\"attachment-large size-large wp-image-2343\" alt=\"pdf\" srcset=\"https:\/\/zs-lipiany.pl\/wp-content\/uploads\/2019\/10\/pdf.jpg 225w, https:\/\/zs-lipiany.pl\/wp-content\/uploads\/2019\/10\/pdf-150x150.jpg 150w, https:\/\/zs-lipiany.pl\/wp-content\/uploads\/2019\/10\/pdf-90x90.jpg 90w\" sizes=\"(max-width: 225px) 100vw, 225px\" \/><\/div>\n\t\t<\/a>\n\t\t\t\t<div class=\"elementor-post__text\">\n\t\t\t\t<h3 class=\"elementor-post__title\">\n\t\t\t<a href=\"https:\/\/zs-lipiany.pl\/?p=4640\" >\n\t\t\t\tJak oswoi\u0107 strach?\t\t\t<\/a>\n\t\t<\/h3>\n\t\t\t\t<div class=\"elementor-post__meta-data\">\n\t\t\t\t\t<span class=\"elementor-post-date\">\n\t\t\t11 pa\u017adziernika, 2024\t\t<\/span>\n\t\t\t\t<\/div>\n\t\t\t\t<div class=\"elementor-post__excerpt\">\n\t\t\t<p>Scenariusz zaj\u0119\u0107 TUS: Jak oswoi\u0107 strach? (.pdf)<\/p>\n\t\t<\/div>\n\t\t\n\t\t<a class=\"elementor-post__read-more\" href=\"https:\/\/zs-lipiany.pl\/?p=4640\" aria-label=\"Read more about Jak oswoi\u0107 strach?\" tabindex=\"-1\" >\n\t\t\tCzytaj wi\u0119cej \u00bb\t\t<\/a>\n\n\t\t\t\t<\/div>\n\t\t\t\t<\/article>\n\t\t\t\t<article class=\"elementor-post elementor-grid-item post-4641 post type-post status-publish format-standard has-post-thumbnail hentry category-aktywna-tablica\">\n\t\t\t\t<a class=\"elementor-post__thumbnail__link\" href=\"https:\/\/zs-lipiany.pl\/?p=4641\" tabindex=\"-1\" >\n\t\t\t<div class=\"elementor-post__thumbnail\"><img fetchpriority=\"high\" decoding=\"async\" width=\"225\" height=\"225\" src=\"https:\/\/zs-lipiany.pl\/wp-content\/uploads\/2019\/10\/pdf.jpg\" class=\"attachment-large size-large wp-image-2343\" alt=\"pdf\" srcset=\"https:\/\/zs-lipiany.pl\/wp-content\/uploads\/2019\/10\/pdf.jpg 225w, https:\/\/zs-lipiany.pl\/wp-content\/uploads\/2019\/10\/pdf-150x150.jpg 150w, https:\/\/zs-lipiany.pl\/wp-content\/uploads\/2019\/10\/pdf-90x90.jpg 90w\" sizes=\"(max-width: 225px) 100vw, 225px\" \/><\/div>\n\t\t<\/a>\n\t\t\t\t<div class=\"elementor-post__text\">\n\t\t\t\t<h3 class=\"elementor-post__title\">\n\t\t\t<a href=\"https:\/\/zs-lipiany.pl\/?p=4641\" >\n\t\t\t\tKszta\u0142towanie umiej\u0119tno\u015bci spo\u0142ecznych.\t\t\t<\/a>\n\t\t<\/h3>\n\t\t\t\t<div class=\"elementor-post__meta-data\">\n\t\t\t\t\t<span class=\"elementor-post-date\">\n\t\t\t11 pa\u017adziernika, 2024\t\t<\/span>\n\t\t\t\t<\/div>\n\t\t\t\t<div class=\"elementor-post__excerpt\">\n\t\t\t<p>Kszta\u0142towanie umiej\u0119tno\u015bci spo\u0142ecznych (.pdf)<\/p>\n\t\t<\/div>\n\t\t\n\t\t<a class=\"elementor-post__read-more\" href=\"https:\/\/zs-lipiany.pl\/?p=4641\" aria-label=\"Read more about Kszta\u0142towanie umiej\u0119tno\u015bci spo\u0142ecznych.\" tabindex=\"-1\" >\n\t\t\tCzytaj wi\u0119cej \u00bb\t\t<\/a>\n\n\t\t\t\t<\/div>\n\t\t\t\t<\/article>\n\t\t\t\t<\/div>\n\t\t\n\t\t\t\t<div class=\"e-load-more-anchor\" data-page=\"1\" data-max-page=\"2\" data-next-page=\"https:\/\/zs-lipiany.pl\/index.php?rest_route=%2Fwp%2Fv2%2Fpages%2F5300&#038;paged=2\"><\/div>\n\t\t\t\t<nav class=\"elementor-pagination\" aria-label=\"Pagination\">\n\t\t\t<span aria-current=\"page\" class=\"page-numbers current\"><span class=\"elementor-screen-only\">Page<\/span>1<\/span>\n<a class=\"page-numbers\" href=\"https:\/\/zs-lipiany.pl\/index.php\/?paged=2\"><span class=\"elementor-screen-only\">Page<\/span>2<\/a>\t\t<\/nav>\n\t\t\t\t\t\t<\/div>\n\t\t\t\t<\/div>\n\t\t\t\t\t<\/div>\n\t\t<\/div>\n\t\t\t\t\t<\/div>\n\t\t<\/section>\n\t\t\t\t<\/div>\n\t\t","protected":false},"excerpt":{"rendered":"","protected":false},"author":1,"featured_media":0,"parent":0,"menu_order":0,"comment_status":"closed","ping_status":"closed","template":"","meta":{"ngg_post_thumbnail":0,"footnotes":""},"class_list":["post-5300","page","type-page","status-publish","hentry"],"_links":{"self":[{"href":"https:\/\/zs-lipiany.pl\/index.php?rest_route=\/wp\/v2\/pages\/5300","targetHints":{"allow":["GET"]}}],"collection":[{"href":"https:\/\/zs-lipiany.pl\/index.php?rest_route=\/wp\/v2\/pages"}],"about":[{"href":"https:\/\/zs-lipiany.pl\/index.php?rest_route=\/wp\/v2\/types\/page"}],"author":[{"embeddable":true,"href":"https:\/\/zs-lipiany.pl\/index.php?rest_route=\/wp\/v2\/users\/1"}],"replies":[{"embeddable":true,"href":"https:\/\/zs-lipiany.pl\/index.php?rest_route=%2Fwp%2Fv2%2Fcomments&post=5300"}],"version-history":[{"count":10,"href":"https:\/\/zs-lipiany.pl\/index.php?rest_route=\/wp\/v2\/pages\/5300\/revisions"}],"predecessor-version":[{"id":7278,"href":"https:\/\/zs-lipiany.pl\/index.php?rest_route=\/wp\/v2\/pages\/5300\/revisions\/7278"}],"wp:attachment":[{"href":"https:\/\/zs-lipiany.pl\/index.php?rest_route=%2Fwp%2Fv2%2Fmedia&parent=5300"}],"curies":[{"name":"wp","href":"https:\/\/api.w.org\/{rel}","templated":true}]}}