{"id":2293,"date":"2019-09-26T21:23:20","date_gmt":"2019-09-26T21:23:20","guid":{"rendered":"https:\/\/wampmevres.cfolks.pl\/lipany\/2019\/09\/26\/dyrekcja\/"},"modified":"2025-09-22T14:16:06","modified_gmt":"2025-09-22T14:16:06","slug":"dyrekcja","status":"publish","type":"page","link":"https:\/\/zs-lipiany.pl\/?page_id=2293","title":{"rendered":"Dyrekcja szko\u0142y"},"content":{"rendered":"\t\t<div data-elementor-type=\"wp-page\" data-elementor-id=\"2293\" class=\"elementor elementor-2293\" data-elementor-post-type=\"page\">\n\t\t\t\t\t\t<section class=\"elementor-section elementor-top-section elementor-element elementor-element-3d1de862 elementor-section-stretched elementor-section-boxed elementor-section-height-default elementor-section-height-default\" data-id=\"3d1de862\" data-element_type=\"section\" data-settings=\"{&quot;stretch_section&quot;:&quot;section-stretched&quot;}\">\n\t\t\t\t\t\t<div class=\"elementor-container elementor-column-gap-default\">\n\t\t\t\t\t<div class=\"elementor-column elementor-col-100 elementor-top-column elementor-element elementor-element-664e6425\" data-id=\"664e6425\" data-element_type=\"column\">\n\t\t\t<div class=\"elementor-widget-wrap elementor-element-populated\">\n\t\t\t\t\t\t<div class=\"elementor-element elementor-element-74c09a23 elementor-widget elementor-widget-text-editor\" data-id=\"74c09a23\" data-element_type=\"widget\" data-widget_type=\"text-editor.default\">\n\t\t\t\t<div class=\"elementor-widget-container\">\n\t\t\t\t\t\t\t\t\t<p style=\"text-align: center;\">\n<\/p><p style=\"text-align: center;\"><span style=\"font-family: verdana, geneva, sans-serif; font-size: 24pt;\"><strong>Dyrekcja szko\u0142y<\/strong><\/span><\/p>\n<p style=\"text-align: center;\"><span style=\"font-family: verdana, geneva, sans-serif; font-size: 14pt;\">&nbsp;<strong>Elwira Kowalczyk<\/strong> &#8211; matematyka, informatyka, <strong>dyrektor Zespo\u0142u Szk\u00f3\u0142 w Lipianach<\/strong><\/span><\/p>\n<p style=\"text-align: center;\"><span style=\"font-family: verdana, geneva, sans-serif; font-size: 14pt;\"><b>Paulina Sawa<\/b> &#8211; edukacja wczesnoszkolna , <strong>wicedyrektor Zespo\u0142u Szk\u00f3\u0142 w Lipianach<\/strong><\/span><\/p>\n<p style=\"text-align: center;\"><span style=\"font-family: verdana, geneva, sans-serif; font-size: 14pt;\"><strong>Marta Szpakowska<\/strong> &#8211; j\u0119zyk niemiecki, <strong>wicedyrektor Zespo\u0142u Szk\u00f3\u0142 w Lipianach<\/strong><\/span><\/p>\n<p><img fetchpriority=\"high\" decoding=\"async\" class=\"wp-image-7936 aligncenter\" src=\"http:\/\/zs-lipiany.pl\/wp-content\/uploads\/2024\/11\/puzzle-1020221_1920-1024x1024.jpg\" alt=\"\" width=\"418\" height=\"418\" srcset=\"https:\/\/zs-lipiany.pl\/wp-content\/uploads\/2024\/11\/puzzle-1020221_1920-1024x1024.jpg 1024w, https:\/\/zs-lipiany.pl\/wp-content\/uploads\/2024\/11\/puzzle-1020221_1920-300x300.jpg 300w, https:\/\/zs-lipiany.pl\/wp-content\/uploads\/2024\/11\/puzzle-1020221_1920-150x150.jpg 150w, https:\/\/zs-lipiany.pl\/wp-content\/uploads\/2024\/11\/puzzle-1020221_1920-768x768.jpg 768w, https:\/\/zs-lipiany.pl\/wp-content\/uploads\/2024\/11\/puzzle-1020221_1920-1536x1536.jpg 1536w, https:\/\/zs-lipiany.pl\/wp-content\/uploads\/2024\/11\/puzzle-1020221_1920-90x90.jpg 90w, https:\/\/zs-lipiany.pl\/wp-content\/uploads\/2024\/11\/puzzle-1020221_1920-670x670.jpg 670w, https:\/\/zs-lipiany.pl\/wp-content\/uploads\/2024\/11\/puzzle-1020221_1920.jpg 1920w\" sizes=\"(max-width: 418px) 100vw, 418px\" \/><\/p>\t\t\t\t\t\t\t\t<\/div>\n\t\t\t\t<\/div>\n\t\t\t\t\t<\/div>\n\t\t<\/div>\n\t\t\t\t\t<\/div>\n\t\t<\/section>\n\t\t\t\t<\/div>\n\t\t","protected":false},"excerpt":{"rendered":"<p>Dyrekcja szko\u0142y &nbsp;Elwira Kowalczyk &#8211; matematyka, informatyka, dyrektor Zespo\u0142u Szk\u00f3\u0142 w Lipianach Paulina Sawa &#8211; edukacja wczesnoszkolna , wicedyrektor Zespo\u0142u Szk\u00f3\u0142 w Lipianach Marta Szpakowska &#8211; j\u0119zyk niemiecki, wicedyrektor Zespo\u0142u Szk\u00f3\u0142 w Lipianach<\/p>\n","protected":false},"author":1,"featured_media":0,"parent":0,"menu_order":0,"comment_status":"open","ping_status":"open","template":"","meta":{"ngg_post_thumbnail":0,"footnotes":""},"class_list":["post-2293","page","type-page","status-publish","hentry"],"_links":{"self":[{"href":"https:\/\/zs-lipiany.pl\/index.php?rest_route=\/wp\/v2\/pages\/2293","targetHints":{"allow":["GET"]}}],"collection":[{"href":"https:\/\/zs-lipiany.pl\/index.php?rest_route=\/wp\/v2\/pages"}],"about":[{"href":"https:\/\/zs-lipiany.pl\/index.php?rest_route=\/wp\/v2\/types\/page"}],"author":[{"embeddable":true,"href":"https:\/\/zs-lipiany.pl\/index.php?rest_route=\/wp\/v2\/users\/1"}],"replies":[{"embeddable":true,"href":"https:\/\/zs-lipiany.pl\/index.php?rest_route=%2Fwp%2Fv2%2Fcomments&post=2293"}],"version-history":[{"count":39,"href":"https:\/\/zs-lipiany.pl\/index.php?rest_route=\/wp\/v2\/pages\/2293\/revisions"}],"predecessor-version":[{"id":14291,"href":"https:\/\/zs-lipiany.pl\/index.php?rest_route=\/wp\/v2\/pages\/2293\/revisions\/14291"}],"wp:attachment":[{"href":"https:\/\/zs-lipiany.pl\/index.php?rest_route=%2Fwp%2Fv2%2Fmedia&parent=2293"}],"curies":[{"name":"wp","href":"https:\/\/api.w.org\/{rel}","templated":true}]}}