{"id":10002,"date":"2025-01-03T21:18:00","date_gmt":"2025-01-03T21:18:00","guid":{"rendered":"https:\/\/zs-lipiany.pl\/?page_id=10002"},"modified":"2025-01-03T21:31:24","modified_gmt":"2025-01-03T21:31:24","slug":"rozwiazywanie-rownan-kolejne-kroki","status":"publish","type":"page","link":"https:\/\/zs-lipiany.pl\/?page_id=10002","title":{"rendered":"Rozwi\u0105zywanie r\u00f3wna\u0144 &#8211; kolejne kroki"},"content":{"rendered":"\t\t<div data-elementor-type=\"wp-page\" data-elementor-id=\"10002\" class=\"elementor elementor-10002\" data-elementor-post-type=\"page\">\n\t\t\t\t\t\t<section class=\"elementor-section elementor-top-section elementor-element elementor-element-60bdb51a elementor-section-stretched elementor-section-boxed elementor-section-height-default elementor-section-height-default\" data-id=\"60bdb51a\" data-element_type=\"section\" data-settings=\"{&quot;stretch_section&quot;:&quot;section-stretched&quot;}\">\n\t\t\t\t\t\t<div class=\"elementor-container elementor-column-gap-default\">\n\t\t\t\t\t<div class=\"elementor-column elementor-col-100 elementor-top-column elementor-element elementor-element-58c65cb7\" data-id=\"58c65cb7\" data-element_type=\"column\">\n\t\t\t<div class=\"elementor-widget-wrap elementor-element-populated\">\n\t\t\t\t\t\t<div class=\"elementor-element elementor-element-d9e662a elementor-widget elementor-widget-image\" data-id=\"d9e662a\" data-element_type=\"widget\" data-widget_type=\"image.default\">\n\t\t\t\t<div class=\"elementor-widget-container\">\n\t\t\t\t\t\t\t\t\t\t\t\t\t\t\t<img fetchpriority=\"high\" decoding=\"async\" width=\"1024\" height=\"724\" src=\"https:\/\/zs-lipiany.pl\/wp-content\/uploads\/2025\/01\/ROZWIAZYWANIE-ROWNAN-1024x724.jpg\" class=\"attachment-large size-large wp-image-10007\" alt=\"ROZWI\u0104ZYWANIE R\u00d3WNA\u0143\" srcset=\"https:\/\/zs-lipiany.pl\/wp-content\/uploads\/2025\/01\/ROZWIAZYWANIE-ROWNAN-1024x724.jpg 1024w, https:\/\/zs-lipiany.pl\/wp-content\/uploads\/2025\/01\/ROZWIAZYWANIE-ROWNAN-300x212.jpg 300w, https:\/\/zs-lipiany.pl\/wp-content\/uploads\/2025\/01\/ROZWIAZYWANIE-ROWNAN-768x543.jpg 768w, https:\/\/zs-lipiany.pl\/wp-content\/uploads\/2025\/01\/ROZWIAZYWANIE-ROWNAN-1536x1086.jpg 1536w, https:\/\/zs-lipiany.pl\/wp-content\/uploads\/2025\/01\/ROZWIAZYWANIE-ROWNAN-2048x1448.jpg 2048w, https:\/\/zs-lipiany.pl\/wp-content\/uploads\/2025\/01\/ROZWIAZYWANIE-ROWNAN-100x70.jpg 100w\" sizes=\"(max-width: 1024px) 100vw, 1024px\" \/>\t\t\t\t\t\t\t\t\t\t\t\t\t\t\t<\/div>\n\t\t\t\t<\/div>\n\t\t\t\t\t<\/div>\n\t\t<\/div>\n\t\t\t\t\t<\/div>\n\t\t<\/section>\n\t\t\t\t<\/div>\n\t\t","protected":false},"excerpt":{"rendered":"","protected":false},"author":1,"featured_media":0,"parent":0,"menu_order":0,"comment_status":"closed","ping_status":"closed","template":"","meta":{"ngg_post_thumbnail":0,"footnotes":""},"class_list":["post-10002","page","type-page","status-publish","hentry"],"_links":{"self":[{"href":"https:\/\/zs-lipiany.pl\/index.php?rest_route=\/wp\/v2\/pages\/10002","targetHints":{"allow":["GET"]}}],"collection":[{"href":"https:\/\/zs-lipiany.pl\/index.php?rest_route=\/wp\/v2\/pages"}],"about":[{"href":"https:\/\/zs-lipiany.pl\/index.php?rest_route=\/wp\/v2\/types\/page"}],"author":[{"embeddable":true,"href":"https:\/\/zs-lipiany.pl\/index.php?rest_route=\/wp\/v2\/users\/1"}],"replies":[{"embeddable":true,"href":"https:\/\/zs-lipiany.pl\/index.php?rest_route=%2Fwp%2Fv2%2Fcomments&post=10002"}],"version-history":[{"count":7,"href":"https:\/\/zs-lipiany.pl\/index.php?rest_route=\/wp\/v2\/pages\/10002\/revisions"}],"predecessor-version":[{"id":10014,"href":"https:\/\/zs-lipiany.pl\/index.php?rest_route=\/wp\/v2\/pages\/10002\/revisions\/10014"}],"wp:attachment":[{"href":"https:\/\/zs-lipiany.pl\/index.php?rest_route=%2Fwp%2Fv2%2Fmedia&parent=10002"}],"curies":[{"name":"wp","href":"https:\/\/api.w.org\/{rel}","templated":true}]}}